{"id":252,"date":"2019-05-13T12:17:06","date_gmt":"2019-05-13T10:17:06","guid":{"rendered":"https:\/\/technodif.fr\/?page_id=252"},"modified":"2022-03-18T13:46:32","modified_gmt":"2022-03-18T12:46:32","slug":"accueil","status":"publish","type":"page","link":"https:\/\/technodif.fr\/en\/","title":{"rendered":"Home"},"content":{"rendered":"[et_pb_section fb_built=\u00a0\u00bb1&Prime; admin_label=\u00a0\u00bbsection\u00a0\u00bb _builder_version=\u00a0\u00bb3.22&Prime; global_colors_info=\u00a0\u00bb{}\u00a0\u00bb][et_pb_row admin_label=\u00a0\u00bbrow\u00a0\u00bb _builder_version=\u00a0\u00bb3.25&Prime; background_size=\u00a0\u00bbinitial\u00a0\u00bb background_position=\u00a0\u00bbtop_left\u00a0\u00bb background_repeat=\u00a0\u00bbrepeat\u00a0\u00bb global_colors_info=\u00a0\u00bb{}\u00a0\u00bb][et_pb_column type=\u00a0\u00bb4_4&Prime; _builder_version=\u00a0\u00bb3.25&Prime; custom_padding=\u00a0\u00bb|||\u00a0\u00bb global_colors_info=\u00a0\u00bb{}\u00a0\u00bb custom_padding__hover=\u00a0\u00bb|||\u00a0\u00bb][et_pb_text admin_label=\u00a0\u00bbText\u00a0\u00bb _builder_version=\u00a0\u00bb3.27.4&Prime; background_size=\u00a0\u00bbinitial\u00a0\u00bb background_position=\u00a0\u00bbtop_left\u00a0\u00bb background_repeat=\u00a0\u00bbrepeat\u00a0\u00bb global_colors_info=\u00a0\u00bb{}\u00a0\u00bb]<p><\/p>\n<div class=\"wp-block-columns has-2-columns is-layout-flex wp-container-core-columns-is-layout-9d6595d7 wp-block-columns-is-layout-flex\"><\/p>\n<div class=\"wp-block-column is-layout-flow wp-block-column-is-layout-flow\"><\/p>\n<h2 class=\"wp-block-heading\">Lorem ipsum dolor sit amet, consectetur adipiscing elit.<\/h2>\n<p><\/p>\n<p><\/p>\n<p>Vestibulum facilisis nisl quam, in viverra tortor imperdiet bibendum. Aliquam congue nisl vel lorem auctor consequat. Nulla faucibus a velit sit amet dictum. Donec nibh elit, blandit a euismod rutrum, feugiat ut sem. Pellentesque accumsan hendrerit ipsum vel suscipit. Ut et pellentesque nulla. Quisque luctus justo et mattis hendrerit. Cras tempor, arcu non sollicitudin ornare, libero odio maximus tellus, nec cursus lorem urna ac nibh. Nullam non lorem eget diam finibus efficitur in sit amet augue. Pellentesque porttitor turpis enim, vel lacinia dolor suscipit id. Proin at mattis diam. Cras vel ornare diam, sed laoreet turpis. Nunc ut justo lorem. Suspendisse pharetra facilisis iaculis. Nam cursus libero nec ex efficitur, luctus aliquet diam varius.<\/p>\n<p><\/div>\n<p><\/p>\n<p><\/p>\n<div class=\"wp-block-column is-layout-flow wp-block-column-is-layout-flow\"><\/p>\n<h2 class=\"wp-block-heading\">Phasellus lobortis accumsan dui eget molestie.<\/h2>\n<p><\/p>\n<p><\/p>\n<p>Etiam fermentum dolor orci, et gravida augue condimentum vitae. Duis sit amet ex dignissim turpis finibus tempor. Cras lobortis erat in lectus blandit, sit amet blandit dui commodo. Nam nec sem laoreet nisl gravida maximus nec eget nisl. Cras pellentesque imperdiet erat finibus egestas. Donec luctus justo ac felis pharetra, id condimentum odio vulputate. Nam aliquam interdum metus, a placerat diam fermentum at. Fusce nec purus et tellus aliquet pellentesque. In hac habitasse platea dictumst. Mauris sem mi, gravida at scelerisque in, mattis ac lacus. Sed eget ante vel diam lobortis facilisis eu at ante. Morbi ac mollis dolor. Praesent euismod efficitur nisl ut suscipit. Pellentesque habitant morbi tristique senectus et netus et malesuada fames ac turpis egestas. <\/p>\n<p><\/div>\n<p><\/div>\n<p><\/p>\n[\/et_pb_text][\/et_pb_column][\/et_pb_row][\/et_pb_section]","protected":false},"excerpt":{"rendered":"<p>Lorem ipsum dolor sit amet, consectetur adipiscing elit. Vestibulum facilisis nisl quam, in viverra tortor imperdiet bibendum. Aliquam congue nisl vel lorem auctor consequat. Nulla faucibus a velit sit amet dictum. Donec nibh elit, blandit a euismod rutrum, feugiat ut sem. Pellentesque accumsan hendrerit ipsum vel suscipit. Ut et pellentesque nulla. Quisque luctus justo...<\/p>","protected":false},"author":2,"featured_media":0,"parent":0,"menu_order":0,"comment_status":"closed","ping_status":"closed","template":"","meta":{"_acf_changed":false,"_seopress_robots_primary_cat":"","_seopress_titles_title":"Technodif - Fabricant de fours professionnels","_seopress_titles_desc":"Technodif, fabricant Fran\u00e7ais de fours professionnels, vous propose un ensemble d&#039;\u00e9quipements pour boulangerie, p\u00e2tisserie et m\u00e9tiers de bouche.","_seopress_robots_index":"","_et_pb_use_builder":"on","_et_pb_old_content":"<!-- wp:columns -->\r\n<div class=\"wp-block-columns has-2-columns\"><!-- wp:column -->\r\n<div class=\"wp-block-column\"><!-- wp:heading -->\r\n<h2>Lorem ipsum dolor sit amet, consectetur adipiscing elit.<\/h2>\r\n<!-- \/wp:heading -->\r\n\r\n<!-- wp:paragraph -->\r\n<p>Vestibulum facilisis nisl quam, in viverra tortor imperdiet bibendum. Aliquam congue nisl vel lorem auctor consequat. Nulla faucibus a velit sit amet dictum. Donec nibh elit, blandit a euismod rutrum, feugiat ut sem. Pellentesque accumsan hendrerit ipsum vel suscipit. Ut et pellentesque nulla. Quisque luctus justo et mattis hendrerit. Cras tempor, arcu non sollicitudin ornare, libero odio maximus tellus, nec cursus lorem urna ac nibh. Nullam non lorem eget diam finibus efficitur in sit amet augue. Pellentesque porttitor turpis enim, vel lacinia dolor suscipit id. Proin at mattis diam. Cras vel ornare diam, sed laoreet turpis. Nunc ut justo lorem. Suspendisse pharetra facilisis iaculis. Nam cursus libero nec ex efficitur, luctus aliquet diam varius.<\/p>\r\n<!-- \/wp:paragraph --><\/div>\r\n<!-- \/wp:column -->\r\n\r\n<!-- wp:column -->\r\n<div class=\"wp-block-column\"><!-- wp:heading -->\r\n<h2>Phasellus lobortis accumsan dui eget molestie.<\/h2>\r\n<!-- \/wp:heading -->\r\n\r\n<!-- wp:paragraph -->\r\n<p>Etiam fermentum dolor orci, et gravida augue condimentum vitae. Duis sit amet ex dignissim turpis finibus tempor. Cras lobortis erat in lectus blandit, sit amet blandit dui commodo. Nam nec sem laoreet nisl gravida maximus nec eget nisl. Cras pellentesque imperdiet erat finibus egestas. Donec luctus justo ac felis pharetra, id condimentum odio vulputate. Nam aliquam interdum metus, a placerat diam fermentum at. Fusce nec purus et tellus aliquet pellentesque. In hac habitasse platea dictumst. Mauris sem mi, gravida at scelerisque in, mattis ac lacus. Sed eget ante vel diam lobortis facilisis eu at ante. Morbi ac mollis dolor. Praesent euismod efficitur nisl ut suscipit. Pellentesque habitant morbi tristique senectus et netus et malesuada fames ac turpis egestas. <\/p>\r\n<!-- \/wp:paragraph --><\/div>\r\n<!-- \/wp:column --><\/div>\r\n<!-- \/wp:columns -->","_et_gb_content_width":"","footnotes":""},"class_list":{"0":"post-252","1":"page","2":"type-page","3":"status-publish","5":"infinite-scroll-item"},"acf":[],"_links":{"self":[{"href":"https:\/\/technodif.fr\/en\/wp-json\/wp\/v2\/pages\/252","targetHints":{"allow":["GET"]}}],"collection":[{"href":"https:\/\/technodif.fr\/en\/wp-json\/wp\/v2\/pages"}],"about":[{"href":"https:\/\/technodif.fr\/en\/wp-json\/wp\/v2\/types\/page"}],"author":[{"embeddable":true,"href":"https:\/\/technodif.fr\/en\/wp-json\/wp\/v2\/users\/2"}],"replies":[{"embeddable":true,"href":"https:\/\/technodif.fr\/en\/wp-json\/wp\/v2\/comments?post=252"}],"version-history":[{"count":3,"href":"https:\/\/technodif.fr\/en\/wp-json\/wp\/v2\/pages\/252\/revisions"}],"predecessor-version":[{"id":1284,"href":"https:\/\/technodif.fr\/en\/wp-json\/wp\/v2\/pages\/252\/revisions\/1284"}],"wp:attachment":[{"href":"https:\/\/technodif.fr\/en\/wp-json\/wp\/v2\/media?parent=252"}],"curies":[{"name":"wp","href":"https:\/\/api.w.org\/{rel}","templated":true}]}}