{"id":465,"date":"2020-05-28T19:17:16","date_gmt":"2020-05-28T17:17:16","guid":{"rendered":"https:\/\/technodif.fr\/mentions-legales\/"},"modified":"2022-02-22T10:02:17","modified_gmt":"2022-02-22T09:02:17","slug":"mentions-legales","status":"publish","type":"page","link":"https:\/\/technodif.fr\/en\/mentions-legales\/","title":{"rendered":"Legal information"},"content":{"rendered":"<p>[et_pb_section fb_built=\u00a0\u00bb1&Prime; _builder_version=\u00a0\u00bb3.22&Prime; global_colors_info=\u00a0\u00bb{}\u00a0\u00bb][et_pb_row _builder_version=\u00a0\u00bb3.25&Prime; background_size=\u00a0\u00bbinitial\u00a0\u00bb background_position=\u00a0\u00bbtop_left\u00a0\u00bb background_repeat=\u00a0\u00bbrepeat\u00a0\u00bb global_colors_info=\u00a0\u00bb{}\u00a0\u00bb][et_pb_column type=\u00a0\u00bb4_4&Prime; _builder_version=\u00a0\u00bb3.25&Prime; custom_padding=\u00a0\u00bb|||\u00a0\u00bb global_colors_info=\u00a0\u00bb{}\u00a0\u00bb custom_padding__hover=\u00a0\u00bb|||\u00a0\u00bb][et_pb_text _builder_version=\u00a0\u00bb3.27.4&Prime; background_size=\u00a0\u00bbinitial\u00a0\u00bb background_position=\u00a0\u00bbtop_left\u00a0\u00bb background_repeat=\u00a0\u00bbrepeat\u00a0\u00bb global_colors_info=\u00a0\u00bb{}\u00a0\u00bb]<\/p>\n<p>Conform\u00e9ment aux dispositions des Articles 6-III et 19 de la Loi n\u00b02004-575 du 21 juin 2004 pour la Confiance dans l&rsquo;\u00e9conomie num\u00e9rique, dite L.C.E.N., il est port\u00e9 \u00e0 la connaissance des utilisateurs et visiteurs du site CLIENT les pr\u00e9sentes mentions l\u00e9gales.<br \/>\nLe site CLIENT est accessible \u00e0 l&rsquo;adresse suivante : WEBSITE (ci-apr\u00e8s \u00ab le Site \u00bb). L&rsquo;acc\u00e8s et l&rsquo;utilisation du Site sont soumis aux pr\u00e9sentes \u00bb Mentions l\u00e9gales \u00bb d\u00e9taill\u00e9es ci-apr\u00e8s ainsi qu&rsquo;aux lois et\/ou r\u00e8glements applicables.<br \/>\nLa connexion, l&rsquo;utilisation et l&rsquo;acc\u00e8s \u00e0 ce Site impliquent l&rsquo;acceptation int\u00e9grale et sans r\u00e9serve de l&rsquo;internaute de toutes les dispositions des pr\u00e9sentes Mentions L\u00e9gales.<\/p>\n<h2>ARTICLE 1 \u2013 INFORMATIONS L\u00c9GALES<\/h2>\n<p>En vertu de l&rsquo;Article 6 de la Loi n\u00b0 2004-575 du 21 juin 2004 pour la confiance dans l&rsquo;\u00e9conomie num\u00e9rique, il est pr\u00e9cis\u00e9 dans cet article l&rsquo;identit\u00e9 des diff\u00e9rents intervenants dans le cadre de sa r\u00e9alisation et de son suivi.<\/p>\n<h3>A. \u00c9diteur du site<\/h3>\n<p>Le site CLIENT est \u00e9dit\u00e9 par :<br \/>\nCLIENT<br \/>\nayant son si\u00e8ge social \u00e0 l&rsquo;adresse suivante : OFFICE, et immatricul\u00e9e au RCS de VILLERCS sous le num\u00e9ro SIRET suivant : NUMSIRET<br \/>\nT\u00e9l\u00e9phone : &nbsp;PHONE<br \/>\nAdresse e-mail : EMAIL<br \/>\nci-apr\u00e8s \u00ab l&rsquo;\u00c9diteur \u00bb<\/p>\n<h3>Directeur de publication<\/h3>\n<p>Le Directeur de publication est :<br \/>\nDIRPUBLI<br \/>\nAdresse e-mail de contact : EMAIL<br \/>\nci-apr\u00e8s \u00ab le Directeur de publication \u00bb<\/p>\n<h3>H\u00e9bergeur du site<\/h3>\n<p>HEBERGEUR<\/p>\n<h3>Utilisateurs<\/h3>\n<p>Sont consid\u00e9r\u00e9s comme utilisateurs tous les internautes qui naviguent, lisent, visionnent et utilisent le site CLIENT.<br \/>\nci-apr\u00e8s les &nbsp;\u00ab Utilisateurs &nbsp;\u00bb<\/p>\n<h2>ARTICLE 2 \u2013 ACCESSIBILIT\u00c9<\/h2>\n<p>Le Site est par principe accessible aux Utilisateurs 24\/24h et 7\/7j, sauf interruption, programm\u00e9e ou non, pour des besoins de maintenance ou en cas de force majeure.<br \/>\nEn cas d&rsquo;impossibilit\u00e9 d&rsquo;acc\u00e8s au Site, celui-ci s&rsquo;engage \u00e0 faire son maximum afin d&rsquo;en r\u00e9tablir l&rsquo;acc\u00e8s. Le Site ne saurait \u00eatre tenu pour responsable de tout dommage, quelle qu&rsquo;en soit la nature, r\u00e9sultant de son indisponibilit\u00e9.<\/p>\n<h2>ARTICLE 3 \u2013 LOI APPLICABLE ET JURIDICTION<\/h2>\n<p>Les pr\u00e9sentes Mentions L\u00e9gales sont r\u00e9gies par la loi fran\u00e7aise. En cas de diff\u00e9rend et \u00e0 d\u00e9faut d&rsquo;accord amiable, le litige sera port\u00e9 devant les tribunaux fran\u00e7ais conform\u00e9ment aux r\u00e8gles de comp\u00e9tence en vigueur.<\/p>\n<h2>ARTICLE 4 \u2013 CONTACT<\/h2>\n<p>Pour tout signalement de contenus ou d&rsquo;activit\u00e9s illicites, l&rsquo;Utilisateur peut contacter l&rsquo;\u00c9diteur \u00e0 l&rsquo;adresse suivante : EMAIL, ou par courrier recommand\u00e9 avec accus\u00e9 de r\u00e9ception adress\u00e9 \u00e0 l&rsquo;\u00c9diteur aux coordonn\u00e9es pr\u00e9cis\u00e9es dans les pr\u00e9sentes mentions l\u00e9gales.<br \/>\nLe site CLIENT vous souhaite une excellente navigation<\/p>\n<p>[\/et_pb_text][\/et_pb_column][\/et_pb_row][\/et_pb_section]<\/p>\n","protected":false},"excerpt":{"rendered":"<p>In accordance with the provisions of Articles 6-III and 19 of Law no. 2004-575 of 21 June 2004 on confidence in the digital economy, known as the L.C.E.N., users of and visitors to the CLIENT site are hereby informed of the present legal notice. The CLIENT site can be accessed at the following address: WEBSITE (hereinafter \"the...<\/p>","protected":false},"author":1,"featured_media":0,"parent":0,"menu_order":0,"comment_status":"closed","ping_status":"closed","template":"mentions-et-politique.php","meta":{"_acf_changed":false,"_seopress_robots_primary_cat":"","_seopress_titles_title":"Mentions l\u00e9gales - Technodif.fr","_seopress_titles_desc":"Mentions l\u00e9gales - Technodif.fr","_seopress_robots_index":"","_et_pb_use_builder":"on","_et_pb_old_content":"Conform\u00e9ment aux dispositions des Articles 6-III et 19 de la Loi n\u00b02004-575 du 21 juin 2004 pour la Confiance dans l'\u00e9conomie num\u00e9rique, dite L.C.E.N., il est port\u00e9 \u00e0 la connaissance des utilisateurs et visiteurs du site CLIENT les pr\u00e9sentes mentions l\u00e9gales.\r\nLe site CLIENT est accessible \u00e0 l'adresse suivante : WEBSITE (ci-apr\u00e8s \u00ab le Site \u00bb). L'acc\u00e8s et l'utilisation du Site sont soumis aux pr\u00e9sentes \u00bb Mentions l\u00e9gales \u00bb d\u00e9taill\u00e9es ci-apr\u00e8s ainsi qu'aux lois et\/ou r\u00e8glements applicables.\r\nLa connexion, l'utilisation et l'acc\u00e8s \u00e0 ce Site impliquent l'acceptation int\u00e9grale et sans r\u00e9serve de l'internaute de toutes les dispositions des pr\u00e9sentes Mentions L\u00e9gales.\r\n<h2>ARTICLE 1 \u2013 INFORMATIONS L\u00c9GALES<\/h2>\r\nEn vertu de l'Article 6 de la Loi n\u00b0 2004-575 du 21 juin 2004 pour la confiance dans l'\u00e9conomie num\u00e9rique, il est pr\u00e9cis\u00e9 dans cet article l'identit\u00e9 des diff\u00e9rents intervenants dans le cadre de sa r\u00e9alisation et de son suivi.\r\n<h3>A. \u00c9diteur du site<\/h3>\r\nLe site CLIENT est \u00e9dit\u00e9 par :\r\nCLIENT\r\nayant son si\u00e8ge social \u00e0 l'adresse suivante : OFFICE, et immatricul\u00e9e au RCS de VILLERCS sous le num\u00e9ro SIRET suivant : NUMSIRET\r\nT\u00e9l\u00e9phone : \u00a0PHONE\r\nAdresse e-mail : EMAIL\r\nci-apr\u00e8s \u00ab l'\u00c9diteur \u00bb\r\n<h3>Directeur de publication<\/h3>\r\nLe Directeur de publication est :\r\nDIRPUBLI\r\nAdresse e-mail de contact : EMAIL\r\nci-apr\u00e8s \u00ab le Directeur de publication \u00bb\r\n<h3>H\u00e9bergeur du site<\/h3>\r\nHEBERGEUR\r\n<h3>Utilisateurs<\/h3>\r\nSont consid\u00e9r\u00e9s comme utilisateurs tous les internautes qui naviguent, lisent, visionnent et utilisent le site CLIENT.\r\nci-apr\u00e8s les \u00a0\u00ab Utilisateurs \u00a0\u00bb\r\n<h2>ARTICLE 2 \u2013 ACCESSIBILIT\u00c9<\/h2>\r\nLe Site est par principe accessible aux Utilisateurs 24\/24h et 7\/7j, sauf interruption, programm\u00e9e ou non, pour des besoins de maintenance ou en cas de force majeure.\r\nEn cas d'impossibilit\u00e9 d'acc\u00e8s au Site, celui-ci s'engage \u00e0 faire son maximum afin d'en r\u00e9tablir l'acc\u00e8s. Le Site ne saurait \u00eatre tenu pour responsable de tout dommage, quelle qu'en soit la nature, r\u00e9sultant de son indisponibilit\u00e9.\r\n<h2>ARTICLE 3 \u2013 LOI APPLICABLE ET JURIDICTION<\/h2>\r\nLes pr\u00e9sentes Mentions L\u00e9gales sont r\u00e9gies par la loi fran\u00e7aise. En cas de diff\u00e9rend et \u00e0 d\u00e9faut d'accord amiable, le litige sera port\u00e9 devant les tribunaux fran\u00e7ais conform\u00e9ment aux r\u00e8gles de comp\u00e9tence en vigueur.\r\n<h2>ARTICLE 4 \u2013 CONTACT<\/h2>\r\nPour tout signalement de contenus ou d'activit\u00e9s illicites, l'Utilisateur peut contacter l'\u00c9diteur \u00e0 l'adresse suivante : EMAIL, ou par courrier recommand\u00e9 avec accus\u00e9 de r\u00e9ception adress\u00e9 \u00e0 l'\u00c9diteur aux coordonn\u00e9es pr\u00e9cis\u00e9es dans les pr\u00e9sentes mentions l\u00e9gales.\r\nLe site CLIENT vous souhaite une excellente navigation","_et_gb_content_width":"","footnotes":""},"class_list":{"0":"post-465","1":"page","2":"type-page","3":"status-publish","5":"infinite-scroll-item"},"acf":[],"_links":{"self":[{"href":"https:\/\/technodif.fr\/en\/wp-json\/wp\/v2\/pages\/465","targetHints":{"allow":["GET"]}}],"collection":[{"href":"https:\/\/technodif.fr\/en\/wp-json\/wp\/v2\/pages"}],"about":[{"href":"https:\/\/technodif.fr\/en\/wp-json\/wp\/v2\/types\/page"}],"author":[{"embeddable":true,"href":"https:\/\/technodif.fr\/en\/wp-json\/wp\/v2\/users\/1"}],"replies":[{"embeddable":true,"href":"https:\/\/technodif.fr\/en\/wp-json\/wp\/v2\/comments?post=465"}],"version-history":[{"count":2,"href":"https:\/\/technodif.fr\/en\/wp-json\/wp\/v2\/pages\/465\/revisions"}],"predecessor-version":[{"id":726,"href":"https:\/\/technodif.fr\/en\/wp-json\/wp\/v2\/pages\/465\/revisions\/726"}],"wp:attachment":[{"href":"https:\/\/technodif.fr\/en\/wp-json\/wp\/v2\/media?parent=465"}],"curies":[{"name":"wp","href":"https:\/\/api.w.org\/{rel}","templated":true}]}}